{"id":183,"date":"2017-01-03T05:33:57","date_gmt":"2017-01-03T05:33:57","guid":{"rendered":"https:\/\/raratheme.com\/preview\/construction-landing-page\/?page_id=183"},"modified":"2023-03-11T17:18:05","modified_gmt":"2023-03-11T16:18:05","slug":"about-construction","status":"publish","type":"page","link":"https:\/\/oms-heizung-sanitaer.de\/?page_id=183","title":{"rendered":"Heizung und Sanit\u00e4r &#8211; Leistungen"},"content":{"rendered":"<p>Herzlich Willkommen bei unserem Heizungs- und Sanit\u00e4rhandwerksunternehmen! Wir bieten Ihnen professionelle und zuverl\u00e4ssige Dienstleistungen f\u00fcr Ihr Zuhause an.<\/p>\n<p>Unser erfahrenes und kompetentes Team steht Ihnen zur Verf\u00fcgung, um alle Arbeiten im Bereich Heizung und Sanit\u00e4r zu erledigen. Egal, ob es sich um eine einfache Reparatur, eine komplette Sanierung oder eine neue Installation handelt, wir haben das Know-how und die Erfahrung, um Ihre Anforderungen zu erf\u00fcllen.<\/p>\n<p>Wir legen gro\u00dfen Wert auf Kundenzufriedenheit und stellen sicher, dass unsere Arbeit Ihren Erwartungen entspricht. Daher verwenden wir nur hochwertige Materialien und setzen moderne Technologien ein, um die effektivste und effizienteste L\u00f6sung f\u00fcr Ihre Heizungs- und Sanit\u00e4rprobleme zu finden.<\/p>\n<p>Unsere Dienstleistungen umfassen unter anderem:<\/p>\n<ul>\n<li><a href=\"https:\/\/oms-heizung-sanitaer.de\/?page_id=406\">Heizungsinstallation und Reparatur<\/a><\/li>\n<li><a href=\"https:\/\/oms-heizung-sanitaer.de\/?page_id=403\">Sanit\u00e4rinstallation und Reparatur<\/a><\/li>\n<li><a href=\"http:\/\/oms-heizung-sanitaer.de\/?page_id=399\">Handel und Dienstleistungen rund ums Haus<\/a><\/li>\n<li>Warmwasserbereitung<\/li>\n<li>Bad- und K\u00fccheninstallationen<\/li>\n<li>Notdienst<\/li>\n<\/ul>\n<p>Wenn Sie Fragen zu unseren Dienstleistungen haben oder ein Angebot f\u00fcr Ihr Zuhause ben\u00f6tigen, z\u00f6gern Sie nicht, uns zu kontaktieren. Wir sind immer bereit, Ihnen zu helfen!<\/p>\n\n\n<p><\/p>\n","protected":false},"excerpt":{"rendered":"<p>Herzlich Willkommen bei unserem Heizungs- und Sanit\u00e4runternehmen! Wir bieten Ihnen professionelle und zuverl\u00e4ssige Dienstleistungen f\u00fcr Ihr Zuhause an.<\/p>\n<p>Unser erfahrenes und kompetentes Team steht Ihnen zur Verf\u00fcgung, um alle Arbeiten im Bereich Heizung und Sanit\u00e4r zu erledigen. Egal, ob es sich um eine einfache Reparatur, eine komplette Sanierung oder eine neue Installation handelt, wir haben das Know-how und die Erfahrung, um Ihre Anforderungen zu erf\u00fcllen.<\/p>\n<p><img decoding=\"async\" loading=\"lazy\" class=\"size-medium wp-image-600 aligncenter\" src=\"http:\/\/oms-heizung-sanitaer.de\/wp-content\/uploads\/2023\/03\/Logo_2-removebg-2-300x300.png\" alt=\"\" width=\"300\" height=\"300\" srcset=\"https:\/\/oms-heizung-sanitaer.de\/wp-content\/uploads\/2023\/03\/Logo_2-removebg-2-300x300.png 300w, https:\/\/oms-heizung-sanitaer.de\/wp-content\/uploads\/2023\/03\/Logo_2-removebg-2-150x150.png 150w, https:\/\/oms-heizung-sanitaer.de\/wp-content\/uploads\/2023\/03\/Logo_2-removebg-2-98x98.png 98w, https:\/\/oms-heizung-sanitaer.de\/wp-content\/uploads\/2023\/03\/Logo_2-removebg-2-68x68.png 68w, https:\/\/oms-heizung-sanitaer.de\/wp-content\/uploads\/2023\/03\/Logo_2-removebg-2.png 500w\" sizes=\"(max-width: 300px) 100vw, 300px\"><\/p>\n","protected":false},"author":2,"featured_media":242,"parent":0,"menu_order":0,"comment_status":"closed","ping_status":"closed","template":"","meta":{"ngg_post_thumbnail":0},"_links":{"self":[{"href":"https:\/\/oms-heizung-sanitaer.de\/index.php?rest_route=\/wp\/v2\/pages\/183"}],"collection":[{"href":"https:\/\/oms-heizung-sanitaer.de\/index.php?rest_route=\/wp\/v2\/pages"}],"about":[{"href":"https:\/\/oms-heizung-sanitaer.de\/index.php?rest_route=\/wp\/v2\/types\/page"}],"author":[{"embeddable":true,"href":"https:\/\/oms-heizung-sanitaer.de\/index.php?rest_route=\/wp\/v2\/users\/2"}],"replies":[{"embeddable":true,"href":"https:\/\/oms-heizung-sanitaer.de\/index.php?rest_route=%2Fwp%2Fv2%2Fcomments&post=183"}],"version-history":[{"count":20,"href":"https:\/\/oms-heizung-sanitaer.de\/index.php?rest_route=\/wp\/v2\/pages\/183\/revisions"}],"predecessor-version":[{"id":605,"href":"https:\/\/oms-heizung-sanitaer.de\/index.php?rest_route=\/wp\/v2\/pages\/183\/revisions\/605"}],"wp:featuredmedia":[{"embeddable":true,"href":"https:\/\/oms-heizung-sanitaer.de\/index.php?rest_route=\/wp\/v2\/media\/242"}],"wp:attachment":[{"href":"https:\/\/oms-heizung-sanitaer.de\/index.php?rest_route=%2Fwp%2Fv2%2Fmedia&parent=183"}],"curies":[{"name":"wp","href":"https:\/\/api.w.org\/{rel}","templated":true}]}}