{"id":399,"date":"2021-08-08T12:50:56","date_gmt":"2021-08-08T10:50:56","guid":{"rendered":"http:\/\/oms-heizung-sanitaer.de\/?page_id=399"},"modified":"2023-03-11T16:12:48","modified_gmt":"2023-03-11T15:12:48","slug":"handel-und-dienstleistungen-rund-ums-haus","status":"publish","type":"page","link":"https:\/\/oms-heizung-sanitaer.de\/?page_id=399","title":{"rendered":"Handel und Dienstleistungen rund ums Haus"},"content":{"rendered":"\n<p>Unsere Heizungs- und Sanit\u00e4r-Firma bietet Ihnen eine breite Palette an hochwertigen Materialien f\u00fcr Ihr Zuhause an. Wir verstehen, dass es schwierig sein kann, hochwertige Materialien zu finden, die Ihren Anforderungen entsprechen und zuverl\u00e4ssig sind. Daher bieten wir Ihnen eine gro\u00dfe Auswahl an Produkten, die von f\u00fchrenden Herstellern stammen und auf Langlebigkeit und Effizienz ausgelegt sind.<\/p>\n\n\n\n<p>Unser Angebot an Materialien umfasst:<\/p>\n\n\n\n<ul>\n<li>Heizungs- und Sanit\u00e4rprodukte<\/li>\n\n\n\n<li>Elektro- und Beleuchtungsprodukte<\/li>\n\n\n\n<li>Bodenbel\u00e4ge und Fliesen<\/li>\n\n\n\n<li>und vieles mehr<\/li>\n<\/ul>\n\n\n\n<p>Wir bieten Ihnen eine umfassende Beratung und Unterst\u00fctzung bei der Auswahl der richtigen Produkte f\u00fcr Ihre Bed\u00fcrfnisse. Unser erfahrenes Team steht Ihnen zur Verf\u00fcgung, um sicherzustellen, dass Sie die richtigen Produkte erhalten, die Ihren Anforderungen entsprechen und zu einem fairen Preis erh\u00e4ltlich sind.<\/p>\n\n\n\n<p>Unser Ziel ist es, Ihnen hochwertige Materialien anzubieten, die zuverl\u00e4ssig und langlebig sind, um sicherzustellen, dass Ihr Zuhause jederzeit in bestem Zustand ist. Wir sind stolz darauf, Ihnen eine umfassende L\u00f6sung f\u00fcr alle Ihre Materialbed\u00fcrfnisse anzubieten. Kontaktieren Sie uns noch heute, um weitere Informationen oder ein unverbindliches Angebot zu erhalten.<\/p>\n","protected":false},"excerpt":{"rendered":"<p>Unsere Heizungs- und Sanit\u00e4r-Firma bietet Ihnen eine breite Palette an hochwertigen Materialien f\u00fcr Ihr Zuhause an. Wir verstehen, dass es &hellip; <\/p>\n","protected":false},"author":2,"featured_media":242,"parent":0,"menu_order":0,"comment_status":"closed","ping_status":"closed","template":"","meta":{"ngg_post_thumbnail":0},"_links":{"self":[{"href":"https:\/\/oms-heizung-sanitaer.de\/index.php?rest_route=\/wp\/v2\/pages\/399"}],"collection":[{"href":"https:\/\/oms-heizung-sanitaer.de\/index.php?rest_route=\/wp\/v2\/pages"}],"about":[{"href":"https:\/\/oms-heizung-sanitaer.de\/index.php?rest_route=\/wp\/v2\/types\/page"}],"author":[{"embeddable":true,"href":"https:\/\/oms-heizung-sanitaer.de\/index.php?rest_route=\/wp\/v2\/users\/2"}],"replies":[{"embeddable":true,"href":"https:\/\/oms-heizung-sanitaer.de\/index.php?rest_route=%2Fwp%2Fv2%2Fcomments&post=399"}],"version-history":[{"count":5,"href":"https:\/\/oms-heizung-sanitaer.de\/index.php?rest_route=\/wp\/v2\/pages\/399\/revisions"}],"predecessor-version":[{"id":587,"href":"https:\/\/oms-heizung-sanitaer.de\/index.php?rest_route=\/wp\/v2\/pages\/399\/revisions\/587"}],"wp:featuredmedia":[{"embeddable":true,"href":"https:\/\/oms-heizung-sanitaer.de\/index.php?rest_route=\/wp\/v2\/media\/242"}],"wp:attachment":[{"href":"https:\/\/oms-heizung-sanitaer.de\/index.php?rest_route=%2Fwp%2Fv2%2Fmedia&parent=399"}],"curies":[{"name":"wp","href":"https:\/\/api.w.org\/{rel}","templated":true}]}}