{"id":459,"date":"2021-08-10T16:17:19","date_gmt":"2021-08-10T14:17:19","guid":{"rendered":"http:\/\/oms-heizung-sanitaer.de\/?page_id=459"},"modified":"2023-03-05T16:20:12","modified_gmt":"2023-03-05T15:20:12","slug":"impressum","status":"publish","type":"page","link":"https:\/\/oms-heizung-sanitaer.de\/?page_id=459","title":{"rendered":"Impressum"},"content":{"rendered":"\n<p>Michael Sch\u00f6lzel<br>\nAm Ring 23<br>\n24808 Jevenstedt<\/p>\n\n<h2>Kontakt<\/h2>\n<p>Telefon: +49 173 2463967<br>\nE-Mail: info@oms-heizung-sanitaer.de<\/p>\n\n<h2>EU-Streitschlichtung<\/h2>\n<p>Die Europ\u00e4ische Kommission stellt eine Plattform zur Online-Streitbeilegung (OS) bereit: <a href=\"https:\/\/ec.europa.eu\/consumers\/odr\/\" target=\"_blank\" rel=\"noopener noreferrer\">https:\/\/ec.europa.eu\/consumers\/odr\/<\/a>.<br> Unsere E-Mail-Adresse finden Sie oben im Impressum.<\/p>\n\n<h2>Verbraucher\u00adstreit\u00adbeilegung\/Universal\u00adschlichtungs\u00adstelle<\/h2>\n<p>Wir nehmen an einem Streitbeilegungsverfahren vor einer Verbraucherschlichtungsstelle teil. Zust\u00e4ndig ist die Universalschlichtungsstelle des Zentrums f\u00fcr Schlichtung e.V., Stra\u00dfburger Stra\u00dfe 8, 77694 Kehl am Rhein (<a href=\"https:\/\/www.verbraucher-schlichter.de\" rel=\"noopener noreferrer\" target=\"_blank\">https:\/\/www.verbraucher-schlichter.de<\/a>).<\/p>\n\n<p>Quelle: <a href=\"https:\/\/www.e-recht24.de\">e-recht24.de<\/a><\/p>\n\n\n\n<p><\/p>\n","protected":false},"excerpt":{"rendered":"<p>Michael Sch\u00f6lzel Am Ring 23 24808 Jevenstedt Kontakt Telefon: +49 173 2463967 E-Mail: info@oms-heizung-sanitaer.de EU-Streitschlichtung Die Europ\u00e4ische Kommission stellt eine &hellip; <\/p>\n","protected":false},"author":2,"featured_media":0,"parent":0,"menu_order":0,"comment_status":"closed","ping_status":"closed","template":"","meta":{"ngg_post_thumbnail":0},"_links":{"self":[{"href":"https:\/\/oms-heizung-sanitaer.de\/index.php?rest_route=\/wp\/v2\/pages\/459"}],"collection":[{"href":"https:\/\/oms-heizung-sanitaer.de\/index.php?rest_route=\/wp\/v2\/pages"}],"about":[{"href":"https:\/\/oms-heizung-sanitaer.de\/index.php?rest_route=\/wp\/v2\/types\/page"}],"author":[{"embeddable":true,"href":"https:\/\/oms-heizung-sanitaer.de\/index.php?rest_route=\/wp\/v2\/users\/2"}],"replies":[{"embeddable":true,"href":"https:\/\/oms-heizung-sanitaer.de\/index.php?rest_route=%2Fwp%2Fv2%2Fcomments&post=459"}],"version-history":[{"count":4,"href":"https:\/\/oms-heizung-sanitaer.de\/index.php?rest_route=\/wp\/v2\/pages\/459\/revisions"}],"predecessor-version":[{"id":552,"href":"https:\/\/oms-heizung-sanitaer.de\/index.php?rest_route=\/wp\/v2\/pages\/459\/revisions\/552"}],"wp:attachment":[{"href":"https:\/\/oms-heizung-sanitaer.de\/index.php?rest_route=%2Fwp%2Fv2%2Fmedia&parent=459"}],"curies":[{"name":"wp","href":"https:\/\/api.w.org\/{rel}","templated":true}]}}