{"id":8,"date":"2016-12-28T05:53:52","date_gmt":"2016-12-28T05:53:52","guid":{"rendered":"https:\/\/raratheme.com\/preview\/construction-landing-page\/?page_id=8"},"modified":"2023-03-11T15:17:42","modified_gmt":"2023-03-11T14:17:42","slug":"home-2","status":"publish","type":"page","link":"https:\/\/oms-heizung-sanitaer.de\/","title":{"rendered":"Heizung und Sanit\u00e4r in Schleswig-Holstein"},"content":{"rendered":"<p>Unser erfahrenes und kompetentes Team steht Ihnen zur Verf\u00fcgung, um alle Arbeiten im Bereich Heizung und Sanit\u00e4r zu erledigen. Egal, ob es sich um eine einfache Reparatur, eine komplette Sanierung oder eine neue Installation handelt, wir haben das Know-how und die Erfahrung, um Ihre Anforderungen zu erf\u00fcllen.<\/p>\n\n\n<p><\/p>\n","protected":false},"excerpt":{"rendered":"<p>Unser erfahrenes und kompetentes Team steht Ihnen zur Verf\u00fcgung, um alle Arbeiten im Bereich Heizung und Sanit\u00e4r zu erledigen. Egal, &hellip; <\/p>\n","protected":false},"author":2,"featured_media":222,"parent":0,"menu_order":0,"comment_status":"closed","ping_status":"closed","template":"template-home.php","meta":{"ngg_post_thumbnail":0},"_links":{"self":[{"href":"https:\/\/oms-heizung-sanitaer.de\/index.php?rest_route=\/wp\/v2\/pages\/8"}],"collection":[{"href":"https:\/\/oms-heizung-sanitaer.de\/index.php?rest_route=\/wp\/v2\/pages"}],"about":[{"href":"https:\/\/oms-heizung-sanitaer.de\/index.php?rest_route=\/wp\/v2\/types\/page"}],"author":[{"embeddable":true,"href":"https:\/\/oms-heizung-sanitaer.de\/index.php?rest_route=\/wp\/v2\/users\/2"}],"replies":[{"embeddable":true,"href":"https:\/\/oms-heizung-sanitaer.de\/index.php?rest_route=%2Fwp%2Fv2%2Fcomments&post=8"}],"version-history":[{"count":6,"href":"https:\/\/oms-heizung-sanitaer.de\/index.php?rest_route=\/wp\/v2\/pages\/8\/revisions"}],"predecessor-version":[{"id":574,"href":"https:\/\/oms-heizung-sanitaer.de\/index.php?rest_route=\/wp\/v2\/pages\/8\/revisions\/574"}],"wp:featuredmedia":[{"embeddable":true,"href":"https:\/\/oms-heizung-sanitaer.de\/index.php?rest_route=\/wp\/v2\/media\/222"}],"wp:attachment":[{"href":"https:\/\/oms-heizung-sanitaer.de\/index.php?rest_route=%2Fwp%2Fv2%2Fmedia&parent=8"}],"curies":[{"name":"wp","href":"https:\/\/api.w.org\/{rel}","templated":true}]}}